{"id":83,"date":"2017-06-29T18:50:15","date_gmt":"2017-06-29T18:50:15","guid":{"rendered":"https:\/\/cciudadano.ciesas.edu.mx\/promunicipio\/wordpress\/?page_id=83"},"modified":"2019-03-30T19:37:48","modified_gmt":"2019-03-30T19:37:48","slug":"filtros-plan-municipal-de-desarrollo","status":"publish","type":"page","link":"https:\/\/cciudadano.ciesas.edu.mx\/promunicipio\/?page_id=83","title":{"rendered":"Plan Municipal de Desarrollo"},"content":{"rendered":"\t\t<div data-elementor-type=\"wp-page\" data-elementor-id=\"83\" class=\"elementor elementor-83 elementor-bc-flex-widget\">\n\t\t\t\t\t\t\t\t\t<section class=\"elementor-section elementor-top-section elementor-element elementor-element-y9lo1j4 elementor-section-boxed elementor-section-height-default elementor-section-height-default\" data-id=\"y9lo1j4\" data-element_type=\"section\">\n\t\t\t\t\t\t<div class=\"elementor-container elementor-column-gap-default\">\n\t\t\t\t\t<div class=\"elementor-column elementor-col-100 elementor-top-column elementor-element elementor-element-cdfjkpi\" data-id=\"cdfjkpi\" data-element_type=\"column\">\n\t\t\t<div class=\"elementor-widget-wrap elementor-element-populated\">\n\t\t\t\t\t\t\t\t<div class=\"elementor-element elementor-element-ytviaw3 elementor-widget elementor-widget-text-editor\" data-id=\"ytviaw3\" data-element_type=\"widget\" data-widget_type=\"text-editor.default\">\n\t\t\t\t<div class=\"elementor-widget-container\">\n\t\t\t\t\t\t\t<p>El Plan Municipal de Desarrollo (PMD) es el instrumento legal de la planeaci\u00f3n municipal; este documento debe contener las acciones, acordadas entre ciudadan\u00eda y gobierno, que se realizar\u00e1n a nivel local, durante el periodo de gobierno municipal que puede ser de tres o cuatro a\u00f1os. El PMD define los objetivos que guiar\u00e1n al gobierno y las l\u00edneas de acci\u00f3n que deber\u00e1 seguir para conseguir esos objetivos, debe mantener una relaci\u00f3n l\u00f3gica con el Plan de Desarrollo Nacional y Estatal y su elaboraci\u00f3n debe ser al inicio de cada administraci\u00f3n municipal.<\/p><p>En esta secci\u00f3n encontrar\u00e1s informaci\u00f3n sobre el contenido, divulgaci\u00f3n y l\u00edneas generales de cada plan. Podr\u00e1s filtrar la informaci\u00f3n por municipio y administraci\u00f3n de tu inter\u00e9s.<\/p>\t\t\t\t\t\t<\/div>\n\t\t\t\t<\/div>\n\t\t\t\t<div class=\"elementor-element elementor-element-id5knrk elementor-widget elementor-widget-text-editor\" data-id=\"id5knrk\" data-element_type=\"widget\" data-widget_type=\"text-editor.default\">\n\t\t\t\t<div class=\"elementor-widget-container\">\n\t\t\t\t\t\t\t<h2><em>Elige a tu municipio y escoge la secci\u00f3n de tu inter\u00e9s:<\/em><\/h2>\t\t\t\t\t\t<\/div>\n\t\t\t\t<\/div>\n\t\t\t\t\t<\/div>\n\t\t<\/div>\n\t\t\t\t\t\t\t<\/div>\n\t\t<\/section>\n\t\t\t\t<section class=\"elementor-section elementor-top-section elementor-element elementor-element-4kfyh9j elementor-section-boxed elementor-section-height-default elementor-section-height-default\" data-id=\"4kfyh9j\" data-element_type=\"section\">\n\t\t\t\t\t\t<div class=\"elementor-container elementor-column-gap-default\">\n\t\t\t\t\t<div class=\"elementor-column elementor-col-100 elementor-top-column elementor-element elementor-element-fa5b3f0\" data-id=\"fa5b3f0\" data-element_type=\"column\">\n\t\t\t<div class=\"elementor-widget-wrap elementor-element-populated\">\n\t\t\t\t\t\t\t\t<div class=\"elementor-element elementor-element-tzi1n61 elementor-widget elementor-widget-text-editor\" data-id=\"tzi1n61\" data-element_type=\"widget\" data-widget_type=\"text-editor.default\">\n\t\t\t\t<div class=\"elementor-widget-container\">\n\t\t\t\t\t\t\t<div class=\"wpdt-c\">\n    <div class=\"alert alert-danger m-10\" role=\"alert\">\n        <span class=\"wdt-alert-title f-600\">Error<br><\/span>\n        <span class=\"wdt-alert-subtitle\">You are trying to load a table of an unknown type. Probably you did not activate the addon which is required to use this table type.<\/span>\n    <\/div>\n<\/div>\t\t\t\t\t\t<\/div>\n\t\t\t\t<\/div>\n\t\t\t\t\t<\/div>\n\t\t<\/div>\n\t\t\t\t\t\t\t<\/div>\n\t\t<\/section>\n\t\t\t\t<section class=\"elementor-section elementor-top-section elementor-element elementor-element-250nh8o elementor-section-boxed elementor-section-height-default elementor-section-height-default\" data-id=\"250nh8o\" data-element_type=\"section\">\n\t\t\t\t\t\t<div class=\"elementor-container elementor-column-gap-default\">\n\t\t\t\t\t<div class=\"elementor-column elementor-col-100 elementor-top-column elementor-element elementor-element-dnvz1b1\" data-id=\"dnvz1b1\" data-element_type=\"column\">\n\t\t\t<div class=\"elementor-widget-wrap elementor-element-populated\">\n\t\t\t\t\t\t\t\t<div class=\"elementor-element elementor-element-i8gajsl elementor-widget-divider--view-line elementor-widget elementor-widget-divider\" data-id=\"i8gajsl\" data-element_type=\"widget\" data-widget_type=\"divider.default\">\n\t\t\t\t<div class=\"elementor-widget-container\">\n\t\t\t\t\t<div class=\"elementor-divider\">\n\t\t\t<span class=\"elementor-divider-separator\">\n\t\t\t\t\t\t<\/span>\n\t\t<\/div>\n\t\t\t\t<\/div>\n\t\t\t\t<\/div>\n\t\t\t\t\t<\/div>\n\t\t<\/div>\n\t\t\t\t\t\t\t<\/div>\n\t\t<\/section>\n\t\t\t\t<section class=\"elementor-section elementor-top-section elementor-element elementor-element-hm9cc1e elementor-section-boxed elementor-section-height-default elementor-section-height-default\" data-id=\"hm9cc1e\" data-element_type=\"section\">\n\t\t\t\t\t\t<div class=\"elementor-container elementor-column-gap-default\">\n\t\t\t\t\t<div class=\"elementor-column elementor-col-100 elementor-top-column elementor-element elementor-element-t867uuj\" data-id=\"t867uuj\" data-element_type=\"column\">\n\t\t\t<div class=\"elementor-widget-wrap elementor-element-populated\">\n\t\t\t\t\t\t\t\t<div class=\"elementor-element elementor-element-f4kdj89 elementor-widget elementor-widget-text-editor\" data-id=\"f4kdj89\" data-element_type=\"widget\" data-widget_type=\"text-editor.default\">\n\t\t\t\t<div class=\"elementor-widget-container\">\n\t\t\t\t\t\t\t<ul><li>\u201cNo aplica\u201d: se refiere a que en el municipio no existe esa figura o la informaci\u00f3n espec\u00edfica porque no se genera.<\/li><li>\u201cNo hay acceso a la informaci\u00f3n\u201d: se refiere a la informaci\u00f3n que fue solicitada a trav\u00e9s de solicitudes de acceso a la informaci\u00f3n a las autoridades correspondientes y fue denegada.<\/li><li>\u201cEn proceso\u201d: se refiere a la informaci\u00f3n que ha sido solicitada a las autoridades y de la cual se espera respuesta.<\/li><li>Las celdas vac\u00edas indican que no se consigui\u00f3 la informaci\u00f3n.<\/li><\/ul>\t\t\t\t\t\t<\/div>\n\t\t\t\t<\/div>\n\t\t\t\t\t<\/div>\n\t\t<\/div>\n\t\t\t\t\t\t\t<\/div>\n\t\t<\/section>\n\t\t\t\t\t\t\t<\/div>\n\t\t","protected":false},"excerpt":{"rendered":"<p>El Plan Municipal de Desarrollo (PMD) es el instrumento legal de la planeaci\u00f3n municipal; este documento debe contener las acciones, acordadas entre ciudadan\u00eda y gobierno, que se realizar\u00e1n a nivel local, durante el periodo de gobierno municipal que puede ser de tres o cuatro a\u00f1os. El PMD define los objetivos que guiar\u00e1n al gobierno y [&hellip;]<\/p>\n","protected":false},"author":2,"featured_media":0,"parent":0,"menu_order":0,"comment_status":"closed","ping_status":"closed","template":"","meta":{"footnotes":""},"_links":{"self":[{"href":"https:\/\/cciudadano.ciesas.edu.mx\/promunicipio\/index.php?rest_route=\/wp\/v2\/pages\/83"}],"collection":[{"href":"https:\/\/cciudadano.ciesas.edu.mx\/promunicipio\/index.php?rest_route=\/wp\/v2\/pages"}],"about":[{"href":"https:\/\/cciudadano.ciesas.edu.mx\/promunicipio\/index.php?rest_route=\/wp\/v2\/types\/page"}],"author":[{"embeddable":true,"href":"https:\/\/cciudadano.ciesas.edu.mx\/promunicipio\/index.php?rest_route=\/wp\/v2\/users\/2"}],"replies":[{"embeddable":true,"href":"https:\/\/cciudadano.ciesas.edu.mx\/promunicipio\/index.php?rest_route=%2Fwp%2Fv2%2Fcomments&post=83"}],"version-history":[{"count":25,"href":"https:\/\/cciudadano.ciesas.edu.mx\/promunicipio\/index.php?rest_route=\/wp\/v2\/pages\/83\/revisions"}],"predecessor-version":[{"id":521,"href":"https:\/\/cciudadano.ciesas.edu.mx\/promunicipio\/index.php?rest_route=\/wp\/v2\/pages\/83\/revisions\/521"}],"wp:attachment":[{"href":"https:\/\/cciudadano.ciesas.edu.mx\/promunicipio\/index.php?rest_route=%2Fwp%2Fv2%2Fmedia&parent=83"}],"curies":[{"name":"wp","href":"https:\/\/api.w.org\/{rel}","templated":true}]}}