{"id":53,"date":"2017-06-21T00:58:24","date_gmt":"2017-06-21T00:58:24","guid":{"rendered":"https:\/\/cciudadano.ciesas.edu.mx\/promunicipio\/wordpress\/?page_id=53"},"modified":"2019-04-22T04:02:48","modified_gmt":"2019-04-22T04:02:48","slug":"plan-municipal-de-desarrollo","status":"publish","type":"page","link":"https:\/\/cciudadano.ciesas.edu.mx\/promunicipio\/?page_id=53","title":{"rendered":"Plan Municipal de Desarrollo"},"content":{"rendered":"\t\t<div data-elementor-type=\"wp-page\" data-elementor-id=\"53\" class=\"elementor elementor-53 elementor-bc-flex-widget\">\n\t\t\t\t\t\t\t\t\t<section class=\"elementor-section elementor-top-section elementor-element elementor-element-syeojzw elementor-section-boxed elementor-section-height-default elementor-section-height-default\" data-id=\"syeojzw\" data-element_type=\"section\">\n\t\t\t\t\t\t<div class=\"elementor-container elementor-column-gap-default\">\n\t\t\t\t\t<div class=\"elementor-column elementor-col-100 elementor-top-column elementor-element elementor-element-7y53r5v\" data-id=\"7y53r5v\" data-element_type=\"column\">\n\t\t\t<div class=\"elementor-widget-wrap elementor-element-populated\">\n\t\t\t\t\t\t\t\t<div class=\"elementor-element elementor-element-2sj1nbp elementor-widget elementor-widget-text-editor\" data-id=\"2sj1nbp\" data-element_type=\"widget\" data-widget_type=\"text-editor.default\">\n\t\t\t\t<div class=\"elementor-widget-container\">\n\t\t\t\t\t\t\tEn esta secci\u00f3n encontrar\u00e1s informaci\u00f3n del grado de cumplimiento de las obligaciones de transparencia de los municipios con respecto al Plan Municipal de Desarrollo y las formas de participaci\u00f3n ciudadana en su elaboraci\u00f3n.\t\t\t\t\t\t<\/div>\n\t\t\t\t<\/div>\n\t\t\t\t<div class=\"elementor-element elementor-element-05katum elementor-widget elementor-widget-text-editor\" data-id=\"05katum\" data-element_type=\"widget\" data-widget_type=\"text-editor.default\">\n\t\t\t\t<div class=\"elementor-widget-container\">\n\t\t\t\t\t\t\t<div class=\"wpdt-c\">\n    <div class=\"alert alert-danger m-10\" role=\"alert\">\n        <span class=\"wdt-alert-title f-600\">Error<br><\/span>\n        <span class=\"wdt-alert-subtitle\">You are trying to load a table of an unknown type. Probably you did not activate the addon which is required to use this table type.<\/span>\n    <\/div>\n<\/div>\t\t\t\t\t\t<\/div>\n\t\t\t\t<\/div>\n\t\t\t\t\t<\/div>\n\t\t<\/div>\n\t\t\t\t\t\t\t<\/div>\n\t\t<\/section>\n\t\t\t\t<section class=\"elementor-section elementor-top-section elementor-element elementor-element-v54xvlt elementor-section-boxed elementor-section-height-default elementor-section-height-default\" data-id=\"v54xvlt\" data-element_type=\"section\">\n\t\t\t\t\t\t<div class=\"elementor-container elementor-column-gap-default\">\n\t\t\t\t\t<div class=\"elementor-column elementor-col-100 elementor-top-column elementor-element elementor-element-uhqyy0a\" data-id=\"uhqyy0a\" data-element_type=\"column\">\n\t\t\t<div class=\"elementor-widget-wrap elementor-element-populated\">\n\t\t\t\t\t\t\t\t<div class=\"elementor-element elementor-element-9j64vm0 elementor-widget elementor-widget-text-editor\" data-id=\"9j64vm0\" data-element_type=\"widget\" data-widget_type=\"text-editor.default\">\n\t\t\t\t<div class=\"elementor-widget-container\">\n\t\t\t\t\t\t\t<div class=\"wpdt-c\">\n    <div class=\"alert alert-danger m-10\" role=\"alert\">\n        <span class=\"wdt-alert-title f-600\">Error<br><\/span>\n        <span class=\"wdt-alert-subtitle\">You are trying to load a table of an unknown type. Probably you did not activate the addon which is required to use this table type.<\/span>\n    <\/div>\n<\/div>\t\t\t\t\t\t<\/div>\n\t\t\t\t<\/div>\n\t\t\t\t\t<\/div>\n\t\t<\/div>\n\t\t\t\t\t\t\t<\/div>\n\t\t<\/section>\n\t\t\t\t<section class=\"elementor-section elementor-top-section elementor-element elementor-element-0wym0j5 elementor-section-boxed elementor-section-height-default elementor-section-height-default\" data-id=\"0wym0j5\" data-element_type=\"section\">\n\t\t\t\t\t\t<div class=\"elementor-container elementor-column-gap-default\">\n\t\t\t\t\t<div class=\"elementor-column elementor-col-100 elementor-top-column elementor-element elementor-element-jaqa6ef\" data-id=\"jaqa6ef\" data-element_type=\"column\">\n\t\t\t<div class=\"elementor-widget-wrap elementor-element-populated\">\n\t\t\t\t\t\t\t\t<div class=\"elementor-element elementor-element-930guq9 elementor-widget elementor-widget-text-editor\" data-id=\"930guq9\" data-element_type=\"widget\" data-widget_type=\"text-editor.default\">\n\t\t\t\t<div class=\"elementor-widget-container\">\n\t\t\t\t\t\t\t<ul><li>\u201cNo aplica\u201d: se refiere a que en el municipio no existe esa figura o la informaci\u00f3n espec\u00edfica porque no se genera.<\/li><li>\u201cNo hay acceso a la informaci\u00f3n\u201d: se refiere a la informaci\u00f3n que fue solicitada a trav\u00e9s de solicitudes de acceso a la informaci\u00f3n a las autoridades correspondientes y fue denegada.<\/li><li>\u201cEn proceso\u201d: se refiere a la informaci\u00f3n que ha sido solicitada a las autoridades y de la cual se espera respuesta.<\/li><li>Las celdas vac\u00edas indican que no se consigui\u00f3 la informaci\u00f3n.<\/li><\/ul>\t\t\t\t\t\t<\/div>\n\t\t\t\t<\/div>\n\t\t\t\t\t<\/div>\n\t\t<\/div>\n\t\t\t\t\t\t\t<\/div>\n\t\t<\/section>\n\t\t\t\t\t\t\t<\/div>\n\t\t","protected":false},"excerpt":{"rendered":"<p>En esta secci\u00f3n encontrar\u00e1s informaci\u00f3n del grado de cumplimiento de las obligaciones de transparencia de los municipios con respecto al Plan Municipal de Desarrollo y las formas de participaci\u00f3n ciudadana en su elaboraci\u00f3n. \u201cNo aplica\u201d: se refiere a que en el municipio no existe esa figura o la informaci\u00f3n espec\u00edfica porque no se genera. \u201cNo [&hellip;]<\/p>\n","protected":false},"author":2,"featured_media":0,"parent":0,"menu_order":0,"comment_status":"closed","ping_status":"closed","template":"","meta":{"footnotes":""},"_links":{"self":[{"href":"https:\/\/cciudadano.ciesas.edu.mx\/promunicipio\/index.php?rest_route=\/wp\/v2\/pages\/53"}],"collection":[{"href":"https:\/\/cciudadano.ciesas.edu.mx\/promunicipio\/index.php?rest_route=\/wp\/v2\/pages"}],"about":[{"href":"https:\/\/cciudadano.ciesas.edu.mx\/promunicipio\/index.php?rest_route=\/wp\/v2\/types\/page"}],"author":[{"embeddable":true,"href":"https:\/\/cciudadano.ciesas.edu.mx\/promunicipio\/index.php?rest_route=\/wp\/v2\/users\/2"}],"replies":[{"embeddable":true,"href":"https:\/\/cciudadano.ciesas.edu.mx\/promunicipio\/index.php?rest_route=%2Fwp%2Fv2%2Fcomments&post=53"}],"version-history":[{"count":8,"href":"https:\/\/cciudadano.ciesas.edu.mx\/promunicipio\/index.php?rest_route=\/wp\/v2\/pages\/53\/revisions"}],"predecessor-version":[{"id":550,"href":"https:\/\/cciudadano.ciesas.edu.mx\/promunicipio\/index.php?rest_route=\/wp\/v2\/pages\/53\/revisions\/550"}],"wp:attachment":[{"href":"https:\/\/cciudadano.ciesas.edu.mx\/promunicipio\/index.php?rest_route=%2Fwp%2Fv2%2Fmedia&parent=53"}],"curies":[{"name":"wp","href":"https:\/\/api.w.org\/{rel}","templated":true}]}}