{"id":303,"date":"2017-07-29T00:39:16","date_gmt":"2017-07-29T00:39:16","guid":{"rendered":"https:\/\/cciudadano.ciesas.edu.mx\/promunicipio\/?page_id=303"},"modified":"2019-03-30T18:47:57","modified_gmt":"2019-03-30T18:47:57","slug":"biblioteca-ayuntamiento","status":"publish","type":"page","link":"https:\/\/cciudadano.ciesas.edu.mx\/promunicipio\/?page_id=303","title":{"rendered":"Biblioteca Ayuntamiento"},"content":{"rendered":"\t\t<div data-elementor-type=\"wp-page\" data-elementor-id=\"303\" class=\"elementor elementor-303 elementor-bc-flex-widget\">\n\t\t\t\t\t\t\t\t\t<section class=\"elementor-section elementor-top-section elementor-element elementor-element-oah87k6 elementor-section-boxed elementor-section-height-default elementor-section-height-default\" data-id=\"oah87k6\" data-element_type=\"section\">\n\t\t\t\t\t\t<div class=\"elementor-container elementor-column-gap-default\">\n\t\t\t\t\t<div class=\"elementor-column elementor-col-100 elementor-top-column elementor-element elementor-element-ptholvu\" data-id=\"ptholvu\" data-element_type=\"column\">\n\t\t\t<div class=\"elementor-widget-wrap elementor-element-populated\">\n\t\t\t\t\t\t\t\t<div class=\"elementor-element elementor-element-s6hb9v4 elementor-widget elementor-widget-heading\" data-id=\"s6hb9v4\" data-element_type=\"widget\" data-widget_type=\"heading.default\">\n\t\t\t\t<div class=\"elementor-widget-container\">\n\t\t\t<h2 class=\"elementor-heading-title elementor-size-default\">Bibilioteca Ayuntamiento<\/h2>\t\t<\/div>\n\t\t\t\t<\/div>\n\t\t\t\t<div class=\"elementor-element elementor-element-ptsqqj7 elementor-widget elementor-widget-text-editor\" data-id=\"ptsqqj7\" data-element_type=\"widget\" data-widget_type=\"text-editor.default\">\n\t\t\t\t<div class=\"elementor-widget-container\">\n\t\t\t\t\t\t\tEn esta secci\u00f3n encontrar\u00e1s los documentos legales que respaldan la informaci\u00f3n de Ayuntamiento. Podr\u00e1s filtrar de acuerdo al municipio de tu inter\u00e9s.\t\t\t\t\t\t<\/div>\n\t\t\t\t<\/div>\n\t\t\t\t<div class=\"elementor-element elementor-element-j9fhrkv elementor-widget elementor-widget-text-editor\" data-id=\"j9fhrkv\" data-element_type=\"widget\" data-widget_type=\"text-editor.default\">\n\t\t\t\t<div class=\"elementor-widget-container\">\n\t\t\t\t\t\t\t<div class=\"wpdt-c\">\n    <div class=\"alert alert-danger m-10\" role=\"alert\">\n        <span class=\"wdt-alert-title f-600\">Error<br><\/span>\n        <span class=\"wdt-alert-subtitle\">You are trying to load a table of an unknown type. Probably you did not activate the addon which is required to use this table type.<\/span>\n    <\/div>\n<\/div>\t\t\t\t\t\t<\/div>\n\t\t\t\t<\/div>\n\t\t\t\t\t<\/div>\n\t\t<\/div>\n\t\t\t\t\t\t\t<\/div>\n\t\t<\/section>\n\t\t\t\t\t\t\t<\/div>\n\t\t","protected":false},"excerpt":{"rendered":"<p>Bibilioteca Ayuntamiento En esta secci\u00f3n encontrar\u00e1s los documentos legales que respaldan la informaci\u00f3n de Ayuntamiento. Podr\u00e1s filtrar de acuerdo al municipio de tu inter\u00e9s.<\/p>\n","protected":false},"author":4,"featured_media":0,"parent":0,"menu_order":0,"comment_status":"closed","ping_status":"closed","template":"","meta":{"footnotes":""},"_links":{"self":[{"href":"https:\/\/cciudadano.ciesas.edu.mx\/promunicipio\/index.php?rest_route=\/wp\/v2\/pages\/303"}],"collection":[{"href":"https:\/\/cciudadano.ciesas.edu.mx\/promunicipio\/index.php?rest_route=\/wp\/v2\/pages"}],"about":[{"href":"https:\/\/cciudadano.ciesas.edu.mx\/promunicipio\/index.php?rest_route=\/wp\/v2\/types\/page"}],"author":[{"embeddable":true,"href":"https:\/\/cciudadano.ciesas.edu.mx\/promunicipio\/index.php?rest_route=\/wp\/v2\/users\/4"}],"replies":[{"embeddable":true,"href":"https:\/\/cciudadano.ciesas.edu.mx\/promunicipio\/index.php?rest_route=%2Fwp%2Fv2%2Fcomments&post=303"}],"version-history":[{"count":3,"href":"https:\/\/cciudadano.ciesas.edu.mx\/promunicipio\/index.php?rest_route=\/wp\/v2\/pages\/303\/revisions"}],"predecessor-version":[{"id":518,"href":"https:\/\/cciudadano.ciesas.edu.mx\/promunicipio\/index.php?rest_route=\/wp\/v2\/pages\/303\/revisions\/518"}],"wp:attachment":[{"href":"https:\/\/cciudadano.ciesas.edu.mx\/promunicipio\/index.php?rest_route=%2Fwp%2Fv2%2Fmedia&parent=303"}],"curies":[{"name":"wp","href":"https:\/\/api.w.org\/{rel}","templated":true}]}}