{"id":30,"date":"2017-06-20T00:46:56","date_gmt":"2017-06-20T00:46:56","guid":{"rendered":"https:\/\/cciudadano.ciesas.edu.mx\/promunicipio\/wordpress\/?page_id=30"},"modified":"2019-04-22T04:01:51","modified_gmt":"2019-04-22T04:01:51","slug":"ayuntamientos","status":"publish","type":"page","link":"https:\/\/cciudadano.ciesas.edu.mx\/promunicipio\/?page_id=30","title":{"rendered":"Ayuntamientos"},"content":{"rendered":"\t\t<div data-elementor-type=\"wp-page\" data-elementor-id=\"30\" class=\"elementor elementor-30 elementor-bc-flex-widget\">\n\t\t\t\t\t\t\t\t\t<section class=\"elementor-section elementor-top-section elementor-element elementor-element-am07f38 elementor-section-boxed elementor-section-height-default elementor-section-height-default\" data-id=\"am07f38\" data-element_type=\"section\">\n\t\t\t\t\t\t<div class=\"elementor-container elementor-column-gap-default\">\n\t\t\t\t\t<div class=\"elementor-column elementor-col-100 elementor-top-column elementor-element elementor-element-t5boais\" data-id=\"t5boais\" data-element_type=\"column\">\n\t\t\t<div class=\"elementor-widget-wrap elementor-element-populated\">\n\t\t\t\t\t\t\t\t<div class=\"elementor-element elementor-element-u7c2py5 elementor-widget elementor-widget-text-editor\" data-id=\"u7c2py5\" data-element_type=\"widget\" data-widget_type=\"text-editor.default\">\n\t\t\t\t<div class=\"elementor-widget-container\">\n\t\t\t\t\t\t\tEn esta secci\u00f3n encontrar\u00e1s informaci\u00f3n b\u00e1sica sobre qui\u00e9nes son tus representantes municipales, cu\u00e1nto ganan, las comisiones en las que trabajan y el tipo de sesiones de Cabildo que prev\u00e9n los reglamentos municipales.\t\t\t\t\t\t<\/div>\n\t\t\t\t<\/div>\n\t\t\t\t<div class=\"elementor-element elementor-element-thl8ctq elementor-widget elementor-widget-text-editor\" data-id=\"thl8ctq\" data-element_type=\"widget\" data-widget_type=\"text-editor.default\">\n\t\t\t\t<div class=\"elementor-widget-container\">\n\t\t\t\t\t\t\t<div class=\"wpdt-c\">\n    <div class=\"alert alert-danger m-10\" role=\"alert\">\n        <span class=\"wdt-alert-title f-600\">Error<br><\/span>\n        <span class=\"wdt-alert-subtitle\">You are trying to load a table of an unknown type. Probably you did not activate the addon which is required to use this table type.<\/span>\n    <\/div>\n<\/div>\t\t\t\t\t\t<\/div>\n\t\t\t\t<\/div>\n\t\t\t\t\t<\/div>\n\t\t<\/div>\n\t\t\t\t\t\t\t<\/div>\n\t\t<\/section>\n\t\t\t\t<section class=\"elementor-section elementor-top-section elementor-element elementor-element-3eoydx5 elementor-section-boxed elementor-section-height-default elementor-section-height-default\" data-id=\"3eoydx5\" data-element_type=\"section\">\n\t\t\t\t\t\t<div class=\"elementor-container elementor-column-gap-default\">\n\t\t\t\t\t<div class=\"elementor-column elementor-col-100 elementor-top-column elementor-element elementor-element-j7v0izq\" data-id=\"j7v0izq\" data-element_type=\"column\">\n\t\t\t<div class=\"elementor-widget-wrap elementor-element-populated\">\n\t\t\t\t\t\t\t\t<div class=\"elementor-element elementor-element-wrhkt4e elementor-widget elementor-widget-text-editor\" data-id=\"wrhkt4e\" data-element_type=\"widget\" data-widget_type=\"text-editor.default\">\n\t\t\t\t<div class=\"elementor-widget-container\">\n\t\t\t\t\t\t\t<div class=\"wpdt-c\">\n    <div class=\"alert alert-danger m-10\" role=\"alert\">\n        <span class=\"wdt-alert-title f-600\">Error<br><\/span>\n        <span class=\"wdt-alert-subtitle\">You are trying to load a table of an unknown type. Probably you did not activate the addon which is required to use this table type.<\/span>\n    <\/div>\n<\/div>\t\t\t\t\t\t<\/div>\n\t\t\t\t<\/div>\n\t\t\t\t<div class=\"elementor-element elementor-element-l7smi55 elementor-widget elementor-widget-text-editor\" data-id=\"l7smi55\" data-element_type=\"widget\" data-widget_type=\"text-editor.default\">\n\t\t\t\t<div class=\"elementor-widget-container\">\n\t\t\t\t\t\t\t<p><em>Nota: Poblaci\u00f3n (INEGI 2015).<\/em><\/p><p><em>\u00a0Fuente: INEGI. Encuesta Intercensal 2015. (<a href=\"http:\/\/www.beta.inegi.org.mx\/proyectos\/enchogares\/especiales\/intercensal\/\" target=\"_blank\" rel=\"noopener noreferrer\">http:\/\/www.beta.inegi.org.mx\/proyectos\/enchogares\/especiales\/intercensal\/<\/a>)<\/em><\/p>\t\t\t\t\t\t<\/div>\n\t\t\t\t<\/div>\n\t\t\t\t\t<\/div>\n\t\t<\/div>\n\t\t\t\t\t\t\t<\/div>\n\t\t<\/section>\n\t\t\t\t<section class=\"elementor-section elementor-top-section elementor-element elementor-element-05mb4co elementor-section-boxed elementor-section-height-default elementor-section-height-default\" data-id=\"05mb4co\" data-element_type=\"section\">\n\t\t\t\t\t\t<div class=\"elementor-container elementor-column-gap-default\">\n\t\t\t\t\t<div class=\"elementor-column elementor-col-100 elementor-top-column elementor-element elementor-element-0hf0seo\" data-id=\"0hf0seo\" data-element_type=\"column\">\n\t\t\t<div class=\"elementor-widget-wrap elementor-element-populated\">\n\t\t\t\t\t\t\t\t<div class=\"elementor-element elementor-element-q7unp92 elementor-widget elementor-widget-text-editor\" data-id=\"q7unp92\" data-element_type=\"widget\" data-widget_type=\"text-editor.default\">\n\t\t\t\t<div class=\"elementor-widget-container\">\n\t\t\t\t\t\t\t<div class=\"wpdt-c\">\n    <div class=\"alert alert-danger m-10\" role=\"alert\">\n        <span class=\"wdt-alert-title f-600\">Error<br><\/span>\n        <span class=\"wdt-alert-subtitle\">You are trying to load a table of an unknown type. Probably you did not activate the addon which is required to use this table type.<\/span>\n    <\/div>\n<\/div><p>\u00a0<\/p><p><em>Nota: Ingreso promedio de una persona en el municipio.<\/em><\/p><p><em> Fuente: Coneval 2010, con base en ENIGH 2010 y Censo de Poblaci\u00f3n y Vivienda 2010<\/em> (<a href=\"http:\/\/www.coneval.org.mx\/Medicion\/MP\/Paginas\/Medicion-de-la-pobreza-municipal-2010.aspx\">http:\/\/www.coneval.org.mx\/Medicion\/MP\/Paginas\/Medicion-de-la-pobreza-municipal-2010.aspx<\/a>)<\/p>\t\t\t\t\t\t<\/div>\n\t\t\t\t<\/div>\n\t\t\t\t\t<\/div>\n\t\t<\/div>\n\t\t\t\t\t\t\t<\/div>\n\t\t<\/section>\n\t\t\t\t<section class=\"elementor-section elementor-top-section elementor-element elementor-element-jrqchcl elementor-section-boxed elementor-section-height-default elementor-section-height-default\" data-id=\"jrqchcl\" data-element_type=\"section\">\n\t\t\t\t\t\t<div class=\"elementor-container elementor-column-gap-default\">\n\t\t\t\t\t<div class=\"elementor-column elementor-col-100 elementor-top-column elementor-element elementor-element-bgxgo3b\" data-id=\"bgxgo3b\" data-element_type=\"column\">\n\t\t\t<div class=\"elementor-widget-wrap elementor-element-populated\">\n\t\t\t\t\t\t\t\t<div class=\"elementor-element elementor-element-q45kutl elementor-widget elementor-widget-heading\" data-id=\"q45kutl\" data-element_type=\"widget\" data-widget_type=\"heading.default\">\n\t\t\t\t<div class=\"elementor-widget-container\">\n\t\t\t<h2 class=\"elementor-heading-title elementor-size-default\">Forma de Trabajo<\/h2>\t\t<\/div>\n\t\t\t\t<\/div>\n\t\t\t\t\t<\/div>\n\t\t<\/div>\n\t\t\t\t\t\t\t<\/div>\n\t\t<\/section>\n\t\t\t\t<section class=\"elementor-section elementor-top-section elementor-element elementor-element-kn5sztm elementor-section-boxed elementor-section-height-default elementor-section-height-default\" data-id=\"kn5sztm\" data-element_type=\"section\">\n\t\t\t\t\t\t<div class=\"elementor-container elementor-column-gap-default\">\n\t\t\t\t\t<div class=\"elementor-column elementor-col-100 elementor-top-column elementor-element elementor-element-sseeyv5\" data-id=\"sseeyv5\" data-element_type=\"column\">\n\t\t\t<div class=\"elementor-widget-wrap elementor-element-populated\">\n\t\t\t\t\t\t\t\t<div class=\"elementor-element elementor-element-62wxs10 elementor-widget elementor-widget-text-editor\" data-id=\"62wxs10\" data-element_type=\"widget\" data-widget_type=\"text-editor.default\">\n\t\t\t\t<div class=\"elementor-widget-container\">\n\t\t\t\t\t\t\t<p>Para poder analizar, discutir y aprobar las propuestas de soluci\u00f3n a las necesidades y problemas del municipio, los integrantes del Ayuntamiento debe reunirse en sesiones de trabajo y en comisiones. En esta secci\u00f3n damos cuenta de la forma de trabajo de los Ayuntamientos, si cumplen con la normatividad y si lo hacen de cara a la ciudadan\u00eda y fomentando la participaci\u00f3n ciudadana.<\/p><p>\u00a0<\/p>\t\t\t\t\t\t<\/div>\n\t\t\t\t<\/div>\n\t\t\t\t\t<\/div>\n\t\t<\/div>\n\t\t\t\t\t\t\t<\/div>\n\t\t<\/section>\n\t\t\t\t<section class=\"elementor-section elementor-top-section elementor-element elementor-element-x4tpoze elementor-section-boxed elementor-section-height-default elementor-section-height-default\" data-id=\"x4tpoze\" data-element_type=\"section\">\n\t\t\t\t\t\t<div class=\"elementor-container elementor-column-gap-default\">\n\t\t\t\t\t<div class=\"elementor-column elementor-col-100 elementor-top-column elementor-element elementor-element-w0mctff\" data-id=\"w0mctff\" data-element_type=\"column\">\n\t\t\t<div class=\"elementor-widget-wrap elementor-element-populated\">\n\t\t\t\t\t\t\t\t<div class=\"elementor-element elementor-element-kx1f9tt elementor-widget elementor-widget-text-editor\" data-id=\"kx1f9tt\" data-element_type=\"widget\" data-widget_type=\"text-editor.default\">\n\t\t\t\t<div class=\"elementor-widget-container\">\n\t\t\t\t\t\t\t<div class=\"wpdt-c\">\n    <div class=\"alert alert-danger m-10\" role=\"alert\">\n        <span class=\"wdt-alert-title f-600\">Error<br><\/span>\n        <span class=\"wdt-alert-subtitle\">You are trying to load a table of an unknown type. Probably you did not activate the addon which is required to use this table type.<\/span>\n    <\/div>\n<\/div><h2>\u00a0<\/h2>\t\t\t\t\t\t<\/div>\n\t\t\t\t<\/div>\n\t\t\t\t\t<\/div>\n\t\t<\/div>\n\t\t\t\t\t\t\t<\/div>\n\t\t<\/section>\n\t\t\t\t<section class=\"elementor-section elementor-top-section elementor-element elementor-element-0iq6bmh elementor-section-boxed elementor-section-height-default elementor-section-height-default\" data-id=\"0iq6bmh\" data-element_type=\"section\">\n\t\t\t\t\t\t<div class=\"elementor-container elementor-column-gap-default\">\n\t\t\t\t\t<div class=\"elementor-column elementor-col-100 elementor-top-column elementor-element elementor-element-bfs4xe1\" data-id=\"bfs4xe1\" data-element_type=\"column\">\n\t\t\t<div class=\"elementor-widget-wrap elementor-element-populated\">\n\t\t\t\t\t\t\t\t<div class=\"elementor-element elementor-element-anascyx elementor-widget elementor-widget-text-editor\" data-id=\"anascyx\" data-element_type=\"widget\" data-widget_type=\"text-editor.default\">\n\t\t\t\t<div class=\"elementor-widget-container\">\n\t\t\t\t\t\t\t<div class=\"wpdt-c\">\n    <div class=\"alert alert-danger m-10\" role=\"alert\">\n        <span class=\"wdt-alert-title f-600\">Error<br><\/span>\n        <span class=\"wdt-alert-subtitle\">You are trying to load a table of an unknown type. Probably you did not activate the addon which is required to use this table type.<\/span>\n    <\/div>\n<\/div>\t\t\t\t\t\t<\/div>\n\t\t\t\t<\/div>\n\t\t\t\t\t<\/div>\n\t\t<\/div>\n\t\t\t\t\t\t\t<\/div>\n\t\t<\/section>\n\t\t\t\t<section class=\"elementor-section elementor-top-section elementor-element elementor-element-c99wyz7 elementor-section-boxed elementor-section-height-default elementor-section-height-default\" data-id=\"c99wyz7\" data-element_type=\"section\">\n\t\t\t\t\t\t<div class=\"elementor-container elementor-column-gap-default\">\n\t\t\t\t\t<div class=\"elementor-column elementor-col-100 elementor-top-column elementor-element elementor-element-d9pmy6p\" data-id=\"d9pmy6p\" data-element_type=\"column\">\n\t\t\t<div class=\"elementor-widget-wrap elementor-element-populated\">\n\t\t\t\t\t\t\t\t<div class=\"elementor-element elementor-element-uzzfu7v elementor-widget elementor-widget-text-editor\" data-id=\"uzzfu7v\" data-element_type=\"widget\" data-widget_type=\"text-editor.default\">\n\t\t\t\t<div class=\"elementor-widget-container\">\n\t\t\t\t\t\t\t<div class=\"wpdt-c\">\n    <div class=\"alert alert-danger m-10\" role=\"alert\">\n        <span class=\"wdt-alert-title f-600\">Error<br><\/span>\n        <span class=\"wdt-alert-subtitle\">You are trying to load a table of an unknown type. Probably you did not activate the addon which is required to use this table type.<\/span>\n    <\/div>\n<\/div>\t\t\t\t\t\t<\/div>\n\t\t\t\t<\/div>\n\t\t\t\t<div class=\"elementor-element elementor-element-u3tx0ck elementor-widget elementor-widget-text-editor\" data-id=\"u3tx0ck\" data-element_type=\"widget\" data-widget_type=\"text-editor.default\">\n\t\t\t\t<div class=\"elementor-widget-container\">\n\t\t\t\t\t\t\t<p><strong>NOTA: El n\u00famero de regidores que integran las comisiones corresponde al promedio en cada municipio debido a que los integrantes de cada comisi\u00f3n es diferente.<\/strong><\/p>\t\t\t\t\t\t<\/div>\n\t\t\t\t<\/div>\n\t\t\t\t\t<\/div>\n\t\t<\/div>\n\t\t\t\t\t\t\t<\/div>\n\t\t<\/section>\n\t\t\t\t<section class=\"elementor-section elementor-top-section elementor-element elementor-element-bceg9cn elementor-section-boxed elementor-section-height-default elementor-section-height-default\" data-id=\"bceg9cn\" data-element_type=\"section\">\n\t\t\t\t\t\t<div class=\"elementor-container elementor-column-gap-default\">\n\t\t\t\t\t<div class=\"elementor-column elementor-col-100 elementor-top-column elementor-element elementor-element-0qqyfjb\" data-id=\"0qqyfjb\" data-element_type=\"column\">\n\t\t\t<div class=\"elementor-widget-wrap elementor-element-populated\">\n\t\t\t\t\t\t\t\t<div class=\"elementor-element elementor-element-u476inu elementor-widget elementor-widget-text-editor\" data-id=\"u476inu\" data-element_type=\"widget\" data-widget_type=\"text-editor.default\">\n\t\t\t\t<div class=\"elementor-widget-container\">\n\t\t\t\t\t\t\t<ul><li>\u201cNo aplica\u201d: se refiere a que en el municipio no existe esa figura o la informaci\u00f3n espec\u00edfica porque no se genera.<\/li><li>\u201cNo hay acceso a la informaci\u00f3n\u201d: se refiere a la informaci\u00f3n que fue solicitada a trav\u00e9s de solicitudes de acceso a la informaci\u00f3n a las autoridades correspondientes y fue denegada.<\/li><li>\u201cEn proceso\u201d: se refiere a la informaci\u00f3n que ha sido solicitada a las autoridades y de la cual se espera respuesta.<\/li><li>Las celdas vac\u00edas indican que no se consigui\u00f3 la informaci\u00f3n<\/li><\/ul>\t\t\t\t\t\t<\/div>\n\t\t\t\t<\/div>\n\t\t\t\t\t<\/div>\n\t\t<\/div>\n\t\t\t\t\t\t\t<\/div>\n\t\t<\/section>\n\t\t\t\t\t\t\t<\/div>\n\t\t","protected":false},"excerpt":{"rendered":"<p>En esta secci\u00f3n encontrar\u00e1s informaci\u00f3n b\u00e1sica sobre qui\u00e9nes son tus representantes municipales, cu\u00e1nto ganan, las comisiones en las que trabajan y el tipo de sesiones de Cabildo que prev\u00e9n los reglamentos municipales. Nota: Poblaci\u00f3n (INEGI 2015). \u00a0Fuente: INEGI. Encuesta Intercensal 2015. (http:\/\/www.beta.inegi.org.mx\/proyectos\/enchogares\/especiales\/intercensal\/) \u00a0 Nota: Ingreso promedio de una persona en el municipio. Fuente: Coneval 2010, [&hellip;]<\/p>\n","protected":false},"author":2,"featured_media":0,"parent":0,"menu_order":0,"comment_status":"closed","ping_status":"closed","template":"","meta":{"footnotes":""},"_links":{"self":[{"href":"https:\/\/cciudadano.ciesas.edu.mx\/promunicipio\/index.php?rest_route=\/wp\/v2\/pages\/30"}],"collection":[{"href":"https:\/\/cciudadano.ciesas.edu.mx\/promunicipio\/index.php?rest_route=\/wp\/v2\/pages"}],"about":[{"href":"https:\/\/cciudadano.ciesas.edu.mx\/promunicipio\/index.php?rest_route=\/wp\/v2\/types\/page"}],"author":[{"embeddable":true,"href":"https:\/\/cciudadano.ciesas.edu.mx\/promunicipio\/index.php?rest_route=\/wp\/v2\/users\/2"}],"replies":[{"embeddable":true,"href":"https:\/\/cciudadano.ciesas.edu.mx\/promunicipio\/index.php?rest_route=%2Fwp%2Fv2%2Fcomments&post=30"}],"version-history":[{"count":26,"href":"https:\/\/cciudadano.ciesas.edu.mx\/promunicipio\/index.php?rest_route=\/wp\/v2\/pages\/30\/revisions"}],"predecessor-version":[{"id":549,"href":"https:\/\/cciudadano.ciesas.edu.mx\/promunicipio\/index.php?rest_route=\/wp\/v2\/pages\/30\/revisions\/549"}],"wp:attachment":[{"href":"https:\/\/cciudadano.ciesas.edu.mx\/promunicipio\/index.php?rest_route=%2Fwp%2Fv2%2Fmedia&parent=30"}],"curies":[{"name":"wp","href":"https:\/\/api.w.org\/{rel}","templated":true}]}}