{"id":1324,"date":"2019-07-03T15:09:08","date_gmt":"2019-07-03T21:09:08","guid":{"rendered":"https:\/\/cciudadano.ciesas.edu.mx\/?page_id=1324"},"modified":"2019-07-03T16:55:41","modified_gmt":"2019-07-03T22:55:41","slug":"investigacion-y-generacion-de-conocimiento-sobre-control-ciudadano-de-lo-publico","status":"publish","type":"page","link":"https:\/\/cciudadano.ciesas.edu.mx\/index.php\/investigacion-y-generacion-de-conocimiento-sobre-control-ciudadano-de-lo-publico\/","title":{"rendered":"Investigaci\u00f3n y generaci\u00f3n de conocimiento sobre control ciudadano de lo p\u00fablico"},"content":{"rendered":"<p>Investigamos, documentamos, sistematizamos y analizamos temas asociados a la pr\u00e1ctica de control ciudadano, as\u00ed como el desarrollo de herramientas pr\u00e1cticas y materiales de difusi\u00f3n para facilitar el involucramiento ciudadano.<\/p>\n<p>&nbsp;<\/p>\n<p>&nbsp;<\/p>\n<p>Proyectos<\/p>\n<ul>\n<li>Proyecto 1<\/li>\n<\/ul>\n<p>Experiencias<\/p>\n<ul>\n<li>Experiencia 1<\/li>\n<\/ul>\n<p>Notas<\/p>\n<ul>\n<li>Nota 1<\/li>\n<\/ul>\n<p>Documentos<\/p>\n<ul>\n<li>Documento 1<\/li>\n<\/ul>\n","protected":false},"excerpt":{"rendered":"<p>Investigamos, documentamos, sistematizamos y analizamos temas asociados a la pr\u00e1ctica de control ciudadano, as\u00ed como el desarrollo de herramientas pr\u00e1cticas y materiales de difusi\u00f3n para facilitar el involucramiento ciudadano. &nbsp; &nbsp; Proyectos Proyecto 1 Experiencias Experiencia 1 Notas Nota 1 Documentos Documento 1<\/p>\n","protected":false},"author":6,"featured_media":0,"parent":0,"menu_order":0,"comment_status":"closed","ping_status":"closed","template":"","meta":{"footnotes":""},"acf":[],"post_mailing_queue_ids":[],"_links":{"self":[{"href":"https:\/\/cciudadano.ciesas.edu.mx\/index.php\/wp-json\/wp\/v2\/pages\/1324"}],"collection":[{"href":"https:\/\/cciudadano.ciesas.edu.mx\/index.php\/wp-json\/wp\/v2\/pages"}],"about":[{"href":"https:\/\/cciudadano.ciesas.edu.mx\/index.php\/wp-json\/wp\/v2\/types\/page"}],"author":[{"embeddable":true,"href":"https:\/\/cciudadano.ciesas.edu.mx\/index.php\/wp-json\/wp\/v2\/users\/6"}],"replies":[{"embeddable":true,"href":"https:\/\/cciudadano.ciesas.edu.mx\/index.php\/wp-json\/wp\/v2\/comments?post=1324"}],"version-history":[{"count":2,"href":"https:\/\/cciudadano.ciesas.edu.mx\/index.php\/wp-json\/wp\/v2\/pages\/1324\/revisions"}],"predecessor-version":[{"id":1332,"href":"https:\/\/cciudadano.ciesas.edu.mx\/index.php\/wp-json\/wp\/v2\/pages\/1324\/revisions\/1332"}],"wp:attachment":[{"href":"https:\/\/cciudadano.ciesas.edu.mx\/index.php\/wp-json\/wp\/v2\/media?parent=1324"}],"curies":[{"name":"wp","href":"https:\/\/api.w.org\/{rel}","templated":true}]}}