{"id":1321,"date":"2019-07-03T15:08:23","date_gmt":"2019-07-03T21:08:23","guid":{"rendered":"https:\/\/cciudadano.ciesas.edu.mx\/?page_id=1321"},"modified":"2022-05-30T18:49:33","modified_gmt":"2022-05-31T00:49:33","slug":"iniciativas-de-control-ciudadano-de-lo-publico-en-el-ambito-local","status":"publish","type":"page","link":"https:\/\/cciudadano.ciesas.edu.mx\/index.php\/iniciativas-de-control-ciudadano-de-lo-publico-en-el-ambito-local\/","title":{"rendered":"Iniciativas de control ciudadano de lo p\u00fablico en el \u00e1mbito local"},"content":{"rendered":"<p style=\"text-align: left;\"><img loading=\"lazy\" decoding=\"async\" class=\"wp-image-1316 aligncenter\" src=\"https:\/\/cciudadano.ciesas.edu.mx\/wp-content\/uploads\/2018\/12\/LogoProMunicipioColor-1-300x54.png\" alt=\"\" width=\"323\" height=\"58\" srcset=\"https:\/\/cciudadano.ciesas.edu.mx\/wp-content\/uploads\/2018\/12\/LogoProMunicipioColor-1-300x54.png 300w, https:\/\/cciudadano.ciesas.edu.mx\/wp-content\/uploads\/2018\/12\/LogoProMunicipioColor-1-150x27.png 150w, https:\/\/cciudadano.ciesas.edu.mx\/wp-content\/uploads\/2018\/12\/LogoProMunicipioColor-1.png 570w\" sizes=\"(max-width: 323px) 100vw, 323px\" \/><\/p>\n<h4 style=\"text-align: left;\"><strong>Generamos iniciativas de control ciudadano en el \u00e1mbito local a trav\u00e9s de la construcci\u00f3n de procesos para fortalecer la pr\u00e1ctica de control ciudadano v\u00eda financiamiento, asistencia t\u00e9cnica, alfabetizaci\u00f3n pol\u00edtica y acompa\u00f1amiento de grupos ciudadanos y organizaciones sociales, comunitarias y\/o de base.<\/strong><\/h4>\n<h2 style=\"text-align: left;\"><\/h2>\n<h2 style=\"text-align: left;\"><strong>Experiencias de incidencia de la Coalici\u00f3n Pro Municipio.<\/strong><\/h2>\n<p style=\"text-align: left;\">En el marco de nuestro XV Aniversario, realizamos la presentaci\u00f3n virtual de las \u201cExperiencias de incidencia de la Coalici\u00f3n Pro Municipio\u201d, con la participaci\u00f3n de las organizaciones que la conforman.<\/p>\n<p style=\"text-align: left;\">La Coalici\u00f3n genera y difunde informaci\u00f3n sobre cada uno de los municipios en donde trabaja, con el fin de posicionar en la agenda p\u00fablica la necesidad de transformar la gesti\u00f3n municipal en M\u00e9xico.<\/p>\n<p style=\"text-align: left;\">En este sentido, sistematizamos el proceso que cada una de las ocho organizaciones sigui\u00f3 para abrir espacios de participaci\u00f3n y con ello lograr cambios en sus condiciones de vida.<\/p>\n<ul>\n<li><span style=\"color: #000080;\"><a style=\"color: #000080;\" href=\"https:\/\/cciudadano.ciesas.edu.mx\/wp-content\/uploads\/2022\/05\/Experiencias-de-incidencia-CPM-1.pdf\">Descarga aqu\u00ed el documento<\/a><\/span><\/li>\n<\/ul>\n<h2><\/h2>\n<h2><b>Radiograf\u00edas Municipales<\/b><\/h2>\n<p>Durante 2019 y 2020 las organizaciones de la Coalici\u00f3n Pro Municipio realizaron monitoreo y vigilancia a tres ejes de la gesti\u00f3n municipal: Ayuntamiento, Plan Municipal de Desarrollo (PMD) y Desempe\u00f1o del Gasto Municipal.<\/p>\n<p>\u00bfQuieres saber por qu\u00e9?<\/p>\n<p>Monitorearon y vigilaron el Ayuntamiento porque quieren dar a conocer c\u00f3mo se desempe\u00f1an los servidores p\u00fablicos de su municipio, cu\u00e1nto ganan, si cumplen con las obligaciones legales y si act\u00faan de frente a la ciudadan\u00eda.<\/p>\n<p>Cada municipio es gobernado por un Ayuntamiento. Este gobierno est\u00e1 integrado por un Presidente Municipal y un n\u00famero de regidores y s\u00edndicos que son elegidos por la ciudadan\u00eda y que son tus representantes y servidores p\u00fablicos. El presidente municipal, los regidores y los s\u00edndicos discuten y resuelven en sesiones de cabildo los asuntos necesarios para cumplir con sus obligaciones de gobierno, tanto pol\u00edticas como administrativas.<\/p>\n<p>Monitorearon y vigilaron el Plan Municipal de Desarrollo porque el Plan Municipal de Desarrollo es el documento rector para el desarrollo del municipio. Debe contener acciones, acordadas entre ciudadan\u00eda y gobierno, asegurando la participaci\u00f3n ciudadana. Con su seguimiento podemos saber c\u00f3mo se elabor\u00f3 el PMD en cada municipio.<\/p>\n<p>Monitorearon y vigilaron el Desempe\u00f1o del Gasto Municipal porque es una de las fuentes de ingreso m\u00e1s importantes que reciben los municipios en nuestro pa\u00eds; proviene de uno de los Fondos del Ramo 33, que tiene recursos provenientes de aportaciones federales, el Fondo de Infraestructura Social Municipal y de las Demarcaciones Territoriales del Distrito Federal (FISMDF). Estos recursos est\u00e1n destinados a mejorar las condiciones de vida de las comunidades en condiciones de rezago social y pobreza extrema. Con este trabajo encontrar\u00e1s informaci\u00f3n del FISMDF, de las finanzas municipales y de las formas de participaci\u00f3n para decidir su distribuci\u00f3n.<\/p>\n<p>Cada organizaci\u00f3n ha tenido diferentes experiencias en este ejercicio de control ciudadano de lo p\u00fablico. Descarga las radiograf\u00edas de cada municipio y ent\u00e9rate de sus principales hallazgos.<\/p>\n<style>td > a { text-decoration:underline; color:#337ab7 !important; } td > p > a { text-decoration:underline; color:#337ab7 !important; } td { border: 1px dotted;} <\/style>\n<table>\n<tbody style=\"border: 1px solid !important;\">\n<tr style=\"border: 1px solid !important;\">\n<td>\n<p style=\"text-align: center;\"><b>Organizaci\u00f3n<\/b><\/p>\n<\/td>\n<td><\/td>\n<td style=\"text-align: center;\"><b>Estado\u00a0<\/b><\/td>\n<td style=\"text-align: center;\">\n<p style=\"text-align: center;\"><b>Municipio\u00a0<\/b><\/p>\n<\/td>\n<td style=\"text-align: center;\"><b>Hallazgos<\/b><\/p>\n<p><b>Ayuntamiento<\/b><\/td>\n<td style=\"text-align: center;\"><b>Hallazgos <\/b><\/p>\n<p><b>Plan Municipal de Desarrollo<\/b><\/td>\n<td>\n<p style=\"text-align: center;\"><b>Hallazgos<\/b><\/p>\n<p style=\"text-align: center;\"><b> Finanzas Municipales<\/b><\/p>\n<\/td>\n<\/tr>\n<tr>\n<td><span style=\"font-weight: 400;\">Universidad Campesina del Sur, A.C.<\/span><\/td>\n<td><img loading=\"lazy\" decoding=\"async\" class=\"alignleft size-full wp-image-1477\" src=\"https:\/\/cciudadano.ciesas.edu.mx\/wp-content\/uploads\/2020\/12\/UNICAM.jpg\" alt=\"\" width=\"246\" height=\"179\" srcset=\"https:\/\/cciudadano.ciesas.edu.mx\/wp-content\/uploads\/2020\/12\/UNICAM.jpg 246w, https:\/\/cciudadano.ciesas.edu.mx\/wp-content\/uploads\/2020\/12\/UNICAM-150x109.jpg 150w\" sizes=\"(max-width: 246px) 100vw, 246px\" \/><\/td>\n<td><span style=\"font-weight: 400;\">Guerrero<\/span><\/td>\n<td><span style=\"font-weight: 400;\">Acapulco<\/span><\/p>\n<p>Atoyac de \u00c1lvarez<\/p>\n<p><span style=\"font-weight: 400;\">Coyuca de Ben\u00edtez<\/span><\/td>\n<td><a href=\"https:\/\/cciudadano.ciesas.edu.mx\/wp-content\/uploads\/2020\/11\/Ayuntamiento_Acapulco_UNICAM_nov.pdf\" target=\"_blank\" rel=\"noopener noreferrer\"><span style=\"font-weight: 400;\">PDF<\/span><\/a><\/p>\n<p><a href=\"https:\/\/cciudadano.ciesas.edu.mx\/wp-content\/uploads\/2020\/11\/Ayuntamiento_Atoyac_UNICAM_nov.pdf\" target=\"_blank\" rel=\"noopener noreferrer\"><span style=\"font-weight: 400;\">PDF<\/span><\/a><\/p>\n<p><a href=\"https:\/\/cciudadano.ciesas.edu.mx\/wp-content\/uploads\/2020\/11\/Ayuntamiento_COYUCA_UNICAM_nov.pdf\" target=\"_blank\" rel=\"noopener noreferrer\"><span style=\"font-weight: 400;\">PDF<\/span><\/a><\/td>\n<td><a href=\"https:\/\/cciudadano.ciesas.edu.mx\/wp-content\/uploads\/2020\/11\/PMD_Acapuloc_UNICAM_nov.pdf\" target=\"_blank\" rel=\"noopener noreferrer\"><span style=\"font-weight: 400;\">PDF<\/span><\/a><\/p>\n<p><a href=\"https:\/\/cciudadano.ciesas.edu.mx\/wp-content\/uploads\/2020\/11\/PMD_Atoyac_UNICAM_nov.pdf\" target=\"_blank\" rel=\"noopener noreferrer\"><span style=\"font-weight: 400;\">PDF<\/span><\/a><\/p>\n<p><a href=\"https:\/\/cciudadano.ciesas.edu.mx\/wp-content\/uploads\/2020\/11\/PMD_Coyuca_UNICAM_nov.pdf\" target=\"_blank\" rel=\"noopener noreferrer\"><span style=\"font-weight: 400;\">PDF<\/span><\/a><\/td>\n<td><a href=\"https:\/\/cciudadano.ciesas.edu.mx\/wp-content\/uploads\/2020\/11\/Finanzas-municipales_Acapulco_UNICAM_nov.pdf\" target=\"_blank\" rel=\"noopener noreferrer\"><span style=\"font-weight: 400;\">PDF<\/span><\/a><\/p>\n<p><a href=\"https:\/\/cciudadano.ciesas.edu.mx\/wp-content\/uploads\/2020\/11\/Finanzas-municipales_Atoyac_UNICAM_nov.pdf\" target=\"_blank\" rel=\"noopener noreferrer\"><span style=\"font-weight: 400;\">PDF<\/span><\/a><\/p>\n<p><a href=\"https:\/\/cciudadano.ciesas.edu.mx\/wp-content\/uploads\/2020\/11\/Finanzas-municipales_Coyuca_UNICAM_nov.pdf\" target=\"_blank\" rel=\"noopener noreferrer\"><span style=\"font-weight: 400;\">PDF<\/span><\/a><\/td>\n<\/tr>\n<tr>\n<td><span style=\"font-weight: 400;\">Participaci\u00f3n Ciudadana, A.C. (Frente C\u00edvico Familiar)<\/span><\/td>\n<td>\u00a0<img loading=\"lazy\" decoding=\"async\" class=\"alignleft size-full wp-image-1474\" src=\"https:\/\/cciudadano.ciesas.edu.mx\/wp-content\/uploads\/2020\/12\/PC.png\" alt=\"\" width=\"284\" height=\"119\" srcset=\"https:\/\/cciudadano.ciesas.edu.mx\/wp-content\/uploads\/2020\/12\/PC.png 284w, https:\/\/cciudadano.ciesas.edu.mx\/wp-content\/uploads\/2020\/12\/PC-150x63.png 150w\" sizes=\"(max-width: 284px) 100vw, 284px\" \/><\/td>\n<td><span style=\"font-weight: 400;\">Yucat\u00e1n<\/span><\/td>\n<td><span style=\"font-weight: 400;\">M\u00e9rida<\/span><\/td>\n<td><a href=\"https:\/\/cciudadano.ciesas.edu.mx\/wp-content\/uploads\/2020\/11\/Ayuntamiento_M\u00e9rida_PC_nov.pdf\" target=\"_blank\" rel=\"noopener noreferrer\"><span style=\"font-weight: 400;\">PDF<\/span><\/a><\/td>\n<td><a href=\"https:\/\/cciudadano.ciesas.edu.mx\/wp-content\/uploads\/2020\/11\/PMD_M\u00e9rida_PC_nov.pdf\" target=\"_blank\" rel=\"noopener noreferrer\"><span style=\"font-weight: 400;\">PDF<\/span><\/a><\/td>\n<td><a href=\"https:\/\/cciudadano.ciesas.edu.mx\/wp-content\/uploads\/2020\/11\/Finanzas-municipales_M\u00e9rida_PC_nov.pdf\" target=\"_blank\" rel=\"noopener noreferrer\"><span style=\"font-weight: 400;\">PDF<\/span><\/a><\/td>\n<\/tr>\n<tr>\n<td><span style=\"font-weight: 400;\">Centro Interdisciplinario de Investigaci\u00f3n y Desarrollo Alternativo U Yich Lu\u2019Um, A.C.<\/span><\/td>\n<td>\u00a0<img loading=\"lazy\" decoding=\"async\" class=\"alignleft size-full wp-image-1473\" src=\"https:\/\/cciudadano.ciesas.edu.mx\/wp-content\/uploads\/2020\/12\/UYICH.jpg\" alt=\"\" width=\"261\" height=\"237\" srcset=\"https:\/\/cciudadano.ciesas.edu.mx\/wp-content\/uploads\/2020\/12\/UYICH.jpg 261w, https:\/\/cciudadano.ciesas.edu.mx\/wp-content\/uploads\/2020\/12\/UYICH-150x136.jpg 150w\" sizes=\"(max-width: 261px) 100vw, 261px\" \/><\/td>\n<td><span style=\"font-weight: 400;\">Yucat\u00e1n<\/span><\/td>\n<td><span style=\"font-weight: 400;\">Sanahcat<\/span><\/td>\n<td><a href=\"https:\/\/cciudadano.ciesas.edu.mx\/wp-content\/uploads\/2020\/11\/Ayuntamiento_Sanahcat_U-Yich_nov..pdf\" target=\"_blank\" rel=\"noopener noreferrer\"><span style=\"font-weight: 400;\">PDF<\/span><\/a><\/td>\n<td><a href=\"https:\/\/cciudadano.ciesas.edu.mx\/wp-content\/uploads\/2020\/11\/PMD_Sanahcat_U-YICH_nov.pdf\" target=\"_blank\" rel=\"noopener noreferrer\"><span style=\"font-weight: 400;\">PDF<\/span><\/a><\/td>\n<td><a href=\"https:\/\/cciudadano.ciesas.edu.mx\/wp-content\/uploads\/2020\/11\/Finanzas-municipales_Sanahcat_U-Yich_nov.pdf\" target=\"_blank\" rel=\"noopener noreferrer\"><span style=\"font-weight: 400;\">PDF<\/span><\/a><\/td>\n<\/tr>\n<tr>\n<td><span style=\"font-weight: 400;\">Olochilextle Mazewaliknimen, A.C.<\/span><\/td>\n<td><img loading=\"lazy\" decoding=\"async\" class=\"alignleft size-full wp-image-1475\" src=\"https:\/\/cciudadano.ciesas.edu.mx\/wp-content\/uploads\/2020\/12\/omac.jpg\" alt=\"\" width=\"179\" height=\"179\" srcset=\"https:\/\/cciudadano.ciesas.edu.mx\/wp-content\/uploads\/2020\/12\/omac.jpg 179w, https:\/\/cciudadano.ciesas.edu.mx\/wp-content\/uploads\/2020\/12\/omac-150x150.jpg 150w\" sizes=\"(max-width: 179px) 100vw, 179px\" \/><\/td>\n<td><span style=\"font-weight: 400;\">Veracruz<\/span><\/td>\n<td><span style=\"font-weight: 400;\">Tequila<\/span><\/td>\n<td><a href=\"https:\/\/cciudadano.ciesas.edu.mx\/wp-content\/uploads\/2020\/11\/Ayuntamiento_Tequila_OMAC_nov.pdf\" target=\"_blank\" rel=\"noopener noreferrer\"><span style=\"font-weight: 400;\">PDF<\/span><\/a><\/td>\n<td><a href=\"https:\/\/cciudadano.ciesas.edu.mx\/wp-content\/uploads\/2020\/11\/PMD_Tequila_OMAC_nov.pdf\" target=\"_blank\" rel=\"noopener noreferrer\"><span style=\"font-weight: 400;\">PDF<\/span><\/a><\/td>\n<td><a href=\"https:\/\/cciudadano.ciesas.edu.mx\/wp-content\/uploads\/2020\/11\/Finanzas-Municipales_Tequila_OMAC_nov.pdf\" target=\"_blank\" rel=\"noopener noreferrer\"><span style=\"font-weight: 400;\">PDF<\/span><\/a><\/td>\n<\/tr>\n<tr>\n<td><span style=\"font-weight: 400;\">Fondo de Lucha por la Democracia, A.C.<\/span><\/td>\n<td>\u00a0<img loading=\"lazy\" decoding=\"async\" class=\"alignleft size-full wp-image-1476\" src=\"https:\/\/cciudadano.ciesas.edu.mx\/wp-content\/uploads\/2020\/12\/fld.png\" alt=\"\" width=\"218\" height=\"102\" srcset=\"https:\/\/cciudadano.ciesas.edu.mx\/wp-content\/uploads\/2020\/12\/fld.png 218w, https:\/\/cciudadano.ciesas.edu.mx\/wp-content\/uploads\/2020\/12\/fld-150x70.png 150w\" sizes=\"(max-width: 218px) 100vw, 218px\" \/><\/td>\n<td><span style=\"font-weight: 400;\">Morelos<\/span><\/td>\n<td><span style=\"font-weight: 400;\">Cuautla<\/span><\/td>\n<td><a href=\"https:\/\/cciudadano.ciesas.edu.mx\/wp-content\/uploads\/2020\/12\/Ayuntamiento_Cuautla_FLD_nov.pdf\" target=\"_blank\" rel=\"noopener noreferrer\"><span style=\"font-weight: 400;\">PDF<\/span><\/a><\/td>\n<td><a href=\"https:\/\/cciudadano.ciesas.edu.mx\/wp-content\/uploads\/2020\/12\/PMD_FLD_Cuautla_FLD_nov.pdf\" target=\"_blank\" rel=\"noopener noreferrer\"><span style=\"font-weight: 400;\">PDF<\/span><\/a><\/td>\n<td><a href=\"https:\/\/cciudadano.ciesas.edu.mx\/wp-content\/uploads\/2020\/12\/Finanzas-Municipales_Cuatla_FLD_nov.pdf\" target=\"_blank\" rel=\"noopener noreferrer\"><span style=\"font-weight: 400;\">PDF<\/span><\/a><\/td>\n<\/tr>\n<tr>\n<td><span style=\"font-weight: 400;\">Plan Estrat\u00e9gico de Ju\u00e1rez, A.C.<\/span><\/td>\n<td><img loading=\"lazy\" decoding=\"async\" class=\"alignleft size-medium wp-image-1479\" src=\"https:\/\/cciudadano.ciesas.edu.mx\/wp-content\/uploads\/2020\/12\/pej-300x140.png\" alt=\"\" width=\"300\" height=\"140\" srcset=\"https:\/\/cciudadano.ciesas.edu.mx\/wp-content\/uploads\/2020\/12\/pej-300x140.png 300w, https:\/\/cciudadano.ciesas.edu.mx\/wp-content\/uploads\/2020\/12\/pej-150x70.png 150w, https:\/\/cciudadano.ciesas.edu.mx\/wp-content\/uploads\/2020\/12\/pej-768x357.png 768w, https:\/\/cciudadano.ciesas.edu.mx\/wp-content\/uploads\/2020\/12\/pej-1024x477.png 1024w\" sizes=\"(max-width: 300px) 100vw, 300px\" \/><\/td>\n<td><span style=\"font-weight: 400;\">Chihuahua<\/span><\/td>\n<td><span style=\"font-weight: 400;\">Ciudad Ju\u00e1rez<\/span><\/td>\n<td><a href=\"https:\/\/cciudadano.ciesas.edu.mx\/wp-content\/uploads\/2020\/12\/Ayuntamiento_CD-Ju\u00e1rez_PEJ_nov.pdf\" target=\"_blank\" rel=\"noopener noreferrer\"><span style=\"font-weight: 400;\">PDF<\/span><\/a><\/td>\n<td><a href=\"https:\/\/cciudadano.ciesas.edu.mx\/wp-content\/uploads\/2020\/12\/PMD_CD-Ju\u00e1rez_PEJ_nov.pdf\" target=\"_blank\" rel=\"noopener noreferrer\"><span style=\"font-weight: 400;\">PDF<\/span><\/a><\/td>\n<td><a href=\"https:\/\/cciudadano.ciesas.edu.mx\/wp-content\/uploads\/2020\/12\/Finanzas-municipales_CD-Ju\u00e1rez_PEJ_nov.pdf\" target=\"_blank\" rel=\"noopener noreferrer\"><span style=\"font-weight: 400;\">PDF<\/span><\/a><\/td>\n<\/tr>\n<tr>\n<td><span style=\"font-weight: 400;\">C\u00f3mo Vamos la Paz, A.C.<\/span><\/td>\n<td>\u00a0<img loading=\"lazy\" decoding=\"async\" class=\"alignleft size-full wp-image-1478\" src=\"https:\/\/cciudadano.ciesas.edu.mx\/wp-content\/uploads\/2020\/12\/cvlp.jpg\" alt=\"\" width=\"151\" height=\"151\" srcset=\"https:\/\/cciudadano.ciesas.edu.mx\/wp-content\/uploads\/2020\/12\/cvlp.jpg 151w, https:\/\/cciudadano.ciesas.edu.mx\/wp-content\/uploads\/2020\/12\/cvlp-150x150.jpg 150w\" sizes=\"(max-width: 151px) 100vw, 151px\" \/><\/td>\n<td><span style=\"font-weight: 400;\">Baja California Sur<\/span><\/td>\n<td><span style=\"font-weight: 400;\">La Paz<\/span><\/td>\n<td><a href=\"https:\/\/cciudadano.ciesas.edu.mx\/wp-content\/uploads\/2020\/12\/Ayuntamiento_La-PAZ_CVLP_dic.pdf\" target=\"_blank\" rel=\"noopener noreferrer\"><span style=\"font-weight: 400;\">PDF<\/span><\/a><\/td>\n<td><a href=\"https:\/\/cciudadano.ciesas.edu.mx\/wp-content\/uploads\/2020\/12\/PMD_La-PAZ_CVLP_dic.pdf\" target=\"_blank\" rel=\"noopener noreferrer\"><span style=\"font-weight: 400;\">PDF<\/span><\/a><\/td>\n<td><a href=\"https:\/\/cciudadano.ciesas.edu.mx\/wp-content\/uploads\/2020\/12\/Finanzas-municipales_La-PAZ_CVLP_dic.pdf\" target=\"_blank\" rel=\"noopener noreferrer\"><span style=\"font-weight: 400;\">PDF<\/span><\/a><\/td>\n<\/tr>\n<tr>\n<td><span style=\"font-weight: 400;\">Desarrollo Autogestionario, A.C.<\/span><\/td>\n<td>\u00a0<img loading=\"lazy\" decoding=\"async\" class=\"alignleft size-medium wp-image-1472\" src=\"https:\/\/cciudadano.ciesas.edu.mx\/wp-content\/uploads\/2020\/12\/logo-auge-300x195.png\" alt=\"\" width=\"300\" height=\"195\" srcset=\"https:\/\/cciudadano.ciesas.edu.mx\/wp-content\/uploads\/2020\/12\/logo-auge-300x195.png 300w, https:\/\/cciudadano.ciesas.edu.mx\/wp-content\/uploads\/2020\/12\/logo-auge-150x97.png 150w, https:\/\/cciudadano.ciesas.edu.mx\/wp-content\/uploads\/2020\/12\/logo-auge.png 736w\" sizes=\"(max-width: 300px) 100vw, 300px\" \/><\/td>\n<td><span style=\"font-weight: 400;\">Veracruz<\/span><\/td>\n<td><span style=\"font-weight: 400;\">Ixhuac\u00e1n de los Reyes<\/span><\/td>\n<td><a href=\"https:\/\/cciudadano.ciesas.edu.mx\/wp-content\/uploads\/2021\/02\/Ayuntamiento_Ixhuac\u00e1n_AUGE.pdf\" target=\"_blank\" rel=\"noopener noreferrer\"><span style=\"font-weight: 400;\">PDF<\/span><\/a><\/td>\n<td><a href=\"https:\/\/cciudadano.ciesas.edu.mx\/wp-content\/uploads\/2021\/02\/PMD_Ixhuac\u00e1n_AUGE.pdf\" target=\"_blank\" rel=\"noopener noreferrer\"><span style=\"font-weight: 400;\">PDF<\/span><\/a><\/td>\n<td><a href=\"https:\/\/cciudadano.ciesas.edu.mx\/wp-content\/uploads\/2021\/02\/Finanzas-municipales_Ixhuac\u00e1n_AUGE.pdf\" target=\"_blank\" rel=\"noopener noreferrer\"><span style=\"font-weight: 400;\">PDF<\/span><\/a><\/td>\n<\/tr>\n<\/tbody>\n<\/table>\n","protected":false},"excerpt":{"rendered":"<p>Generamos iniciativas de control ciudadano en el \u00e1mbito local a trav\u00e9s de la construcci\u00f3n de procesos para fortalecer la pr\u00e1ctica de control ciudadano v\u00eda financiamiento, asistencia t\u00e9cnica, alfabetizaci\u00f3n pol\u00edtica y acompa\u00f1amiento de grupos ciudadanos y organizaciones sociales, comunitarias y\/o de base. Experiencias de incidencia de la Coalici\u00f3n Pro Municipio. En el marco de nuestro XV [&hellip;]<\/p>\n","protected":false},"author":6,"featured_media":0,"parent":0,"menu_order":0,"comment_status":"closed","ping_status":"closed","template":"","meta":{"footnotes":""},"acf":[],"post_mailing_queue_ids":[],"_links":{"self":[{"href":"https:\/\/cciudadano.ciesas.edu.mx\/index.php\/wp-json\/wp\/v2\/pages\/1321"}],"collection":[{"href":"https:\/\/cciudadano.ciesas.edu.mx\/index.php\/wp-json\/wp\/v2\/pages"}],"about":[{"href":"https:\/\/cciudadano.ciesas.edu.mx\/index.php\/wp-json\/wp\/v2\/types\/page"}],"author":[{"embeddable":true,"href":"https:\/\/cciudadano.ciesas.edu.mx\/index.php\/wp-json\/wp\/v2\/users\/6"}],"replies":[{"embeddable":true,"href":"https:\/\/cciudadano.ciesas.edu.mx\/index.php\/wp-json\/wp\/v2\/comments?post=1321"}],"version-history":[{"count":34,"href":"https:\/\/cciudadano.ciesas.edu.mx\/index.php\/wp-json\/wp\/v2\/pages\/1321\/revisions"}],"predecessor-version":[{"id":1661,"href":"https:\/\/cciudadano.ciesas.edu.mx\/index.php\/wp-json\/wp\/v2\/pages\/1321\/revisions\/1661"}],"wp:attachment":[{"href":"https:\/\/cciudadano.ciesas.edu.mx\/index.php\/wp-json\/wp\/v2\/media?parent=1321"}],"curies":[{"name":"wp","href":"https:\/\/api.w.org\/{rel}","templated":true}]}}